{"id":49,"date":"2019-05-17T16:37:15","date_gmt":"2019-05-17T14:37:15","guid":{"rendered":"https:\/\/dzialajzimpetem.pl\/harmonogramy-odbioru-odpadow\/?page_id=49"},"modified":"2019-06-25T18:19:15","modified_gmt":"2019-06-25T16:19:15","slug":"generator-harmonogramow-dla-gmin","status":"publish","type":"page","link":"https:\/\/dzialajzimpetem.pl\/harmonogramy-odbioru-odpadow\/","title":{"rendered":"Generator harmonogram\u00f3w"},"content":{"rendered":"<p>&nbsp;<\/p>\n<h2>Stw\u00f3rz harmonogram odbioru odpad\u00f3w<\/h2>\n<p>W prosty i szybki spos\u00f3b stw\u00f3rz harmonogram odbioru odpad\u00f3w dla mieszka\u0144c\u00f3w w swojej gminie!<\/p>\n<p>&nbsp;<\/p>\n<p><a class=\"button button-large\" href=\"https:\/\/dzialajzimpetem.pl\/harmonogramy-odbioru-odpadow\/dodaj-harmonogram\/\">Zarejestruj si\u0119, wype\u0142nij kalendarz i odbierz plik do wydrukowania!<\/a><\/p>\n<p>&nbsp;<\/p>\n<hr \/>\n<p>&nbsp;<\/p>\n<h2>Wybierz wersj\u0119 kalendarza<\/h2>\n<p>Harmonogram mo\u017cesz generowa\u0107 z dowoln\u0105 cz\u0119stotliwo\u015bci\u0105 wybieraj\u0105c dogodn\u0105 dla siebie wersj\u0119, z przedstawionych poni\u017cej. Wyboru wersji dokonasz po wype\u0142nieniu formularza.<\/p>\n<div class=\"box-cont\">\n<p><img loading=\"lazy\" class=\"alignnone wp-image-92\" src=\"https:\/\/dzialajzimpetem.pl\/harmonogramy-odbioru-odpadow\/wp-content\/uploads\/2019\/06\/DZI_harmonogram_wizualizacja_2.png\" alt=\"\" width=\"500\" height=\"375\" srcset=\"https:\/\/dzialajzimpetem.pl\/harmonogramy-odbioru-odpadow\/wp-content\/uploads\/2019\/06\/DZI_harmonogram_wizualizacja_2.png 1000w, https:\/\/dzialajzimpetem.pl\/harmonogramy-odbioru-odpadow\/wp-content\/uploads\/2019\/06\/DZI_harmonogram_wizualizacja_2-300x225.png 300w, https:\/\/dzialajzimpetem.pl\/harmonogramy-odbioru-odpadow\/wp-content\/uploads\/2019\/06\/DZI_harmonogram_wizualizacja_2-768x576.png 768w\" sizes=\"(max-width: 500px) 100vw, 500px\" \/><\/p>\n<h3>NUMERYCZNY<\/h3>\n<p>Polecany do druku czarno-bia\u0142ego &#8211; frakcje oznaczone opisowo, dni w miesi\u0105cu oznaczone za pomoc\u0105 liczb.<\/p>\n<\/div>\n<div class=\"box-cont\">\n<p><img loading=\"lazy\" class=\"alignnone wp-image-93\" src=\"https:\/\/dzialajzimpetem.pl\/harmonogramy-odbioru-odpadow\/wp-content\/uploads\/2019\/06\/DZI_harmonogram_wizualizacja_1.png\" alt=\"\" width=\"500\" height=\"375\" srcset=\"https:\/\/dzialajzimpetem.pl\/harmonogramy-odbioru-odpadow\/wp-content\/uploads\/2019\/06\/DZI_harmonogram_wizualizacja_1.png 1000w, https:\/\/dzialajzimpetem.pl\/harmonogramy-odbioru-odpadow\/wp-content\/uploads\/2019\/06\/DZI_harmonogram_wizualizacja_1-300x225.png 300w, https:\/\/dzialajzimpetem.pl\/harmonogramy-odbioru-odpadow\/wp-content\/uploads\/2019\/06\/DZI_harmonogram_wizualizacja_1-768x576.png 768w\" sizes=\"(max-width: 500px) 100vw, 500px\" \/><\/p>\n<h3>KOLORYSTYCZNY<\/h3>\n<p>Polecany do druku kolorowego &#8211; frakcje oznaczone kolorami, widoczne wszystkie dni w miesi\u0105cu.*<\/p>\n<\/div>\n<p>*kolory symbolizuj\u0105ce dan\u0105 frakcj\u0119 mo\u017cesz dowolnie zmienia\u0107 w ustawieniach harmonogramu<br \/>\n&nbsp;<\/p>\n<p>&nbsp;<\/p>\n<p><a class=\"button button-large\" href=\"https:\/\/dzialajzimpetem.pl\/harmonogramy-odbioru-odpadow\/dodaj-harmonogram\/\">Wype\u0142nij formularz<\/a> <a class=\"button button-large\" href=\"https:\/\/dzialajzimpetem.pl\/harmonogramy-odbioru-odpadow\/dodaj-harmonogram\/\">Nie masz konta? Zarejestruj si\u0119<\/a><\/p>\n","protected":false},"excerpt":{"rendered":"<p>&nbsp; Stw\u00f3rz harmonogram odbioru odpad\u00f3w W prosty i szybki spos\u00f3b stw\u00f3rz harmonogram odbioru odpad\u00f3w dla mieszka\u0144c\u00f3w w swojej gminie! &nbsp; Zarejestruj si\u0119, wype\u0142nij kalendarz i odbierz plik do wydrukowania! &nbsp; &nbsp; Wybierz wersj\u0119 kalendarza Harmonogram mo\u017cesz generowa\u0107 z dowoln\u0105 cz\u0119stotliwo\u015bci\u0105 wybieraj\u0105c dogodn\u0105 dla siebie wersj\u0119, z przedstawionych poni\u017cej. Wyboru wersji dokonasz po wype\u0142nieniu formularza. NUMERYCZNY [&hellip;]<\/p>\n","protected":false},"author":1,"featured_media":0,"parent":0,"menu_order":0,"comment_status":"closed","ping_status":"closed","template":"","meta":[],"_links":{"self":[{"href":"https:\/\/dzialajzimpetem.pl\/harmonogramy-odbioru-odpadow\/wp-json\/wp\/v2\/pages\/49"}],"collection":[{"href":"https:\/\/dzialajzimpetem.pl\/harmonogramy-odbioru-odpadow\/wp-json\/wp\/v2\/pages"}],"about":[{"href":"https:\/\/dzialajzimpetem.pl\/harmonogramy-odbioru-odpadow\/wp-json\/wp\/v2\/types\/page"}],"author":[{"embeddable":true,"href":"https:\/\/dzialajzimpetem.pl\/harmonogramy-odbioru-odpadow\/wp-json\/wp\/v2\/users\/1"}],"replies":[{"embeddable":true,"href":"https:\/\/dzialajzimpetem.pl\/harmonogramy-odbioru-odpadow\/wp-json\/wp\/v2\/comments?post=49"}],"version-history":[{"count":25,"href":"https:\/\/dzialajzimpetem.pl\/harmonogramy-odbioru-odpadow\/wp-json\/wp\/v2\/pages\/49\/revisions"}],"predecessor-version":[{"id":112,"href":"https:\/\/dzialajzimpetem.pl\/harmonogramy-odbioru-odpadow\/wp-json\/wp\/v2\/pages\/49\/revisions\/112"}],"wp:attachment":[{"href":"https:\/\/dzialajzimpetem.pl\/harmonogramy-odbioru-odpadow\/wp-json\/wp\/v2\/media?parent=49"}],"curies":[{"name":"wp","href":"https:\/\/api.w.org\/{rel}","templated":true}]}}